{"id":663,"date":"2025-08-01T12:17:52","date_gmt":"2025-08-01T10:17:52","guid":{"rendered":"https:\/\/profei.com\/equipo\/"},"modified":"2025-08-04T18:33:34","modified_gmt":"2025-08-04T16:33:34","slug":"team","status":"publish","type":"page","link":"https:\/\/profei.com\/en\/team\/","title":{"rendered":"The team"},"content":{"rendered":"\t\t<div data-elementor-type=\"wp-page\" data-elementor-id=\"663\" class=\"elementor elementor-663 elementor-30\" data-elementor-post-type=\"page\">\n\t\t\t\t<div class=\"elementor-element elementor-element-064a9ca e-flex e-con-boxed e-con e-parent\" data-id=\"064a9ca\" data-element_type=\"container\" data-e-type=\"container\">\n\t\t\t\t\t<div class=\"e-con-inner\">\n\t\t\t\t<div class=\"elementor-element elementor-element-50039e2 elementor-widget__width-initial elementor-widget elementor-widget-heading\" data-id=\"50039e2\" data-element_type=\"widget\" data-e-type=\"widget\" data-widget_type=\"heading.default\">\n\t\t\t\t\t<h2 class=\"elementor-heading-title elementor-size-default\">Meet<br>our team<\/h2>\t\t\t\t<\/div>\n\t\t\t\t<div class=\"elementor-element elementor-element-e37e296 elementor-widget__width-initial elementor-widget elementor-widget-text-editor\" data-id=\"e37e296\" data-element_type=\"widget\" data-e-type=\"widget\" data-widget_type=\"text-editor.default\">\n\t\t\t\t\t\t\t\t\t<p>Profei is a family business characterized by its close relationship with both customers and suppliers.<\/p><p>The PROFEI S.L. team consists of:<\/p>\t\t\t\t\t\t\t\t<\/div>\n\t\t\t\t\t<\/div>\n\t\t\t\t<\/div>\n\t\t<div class=\"elementor-element elementor-element-cc45630 e-grid e-con-boxed e-con e-parent\" data-id=\"cc45630\" data-element_type=\"container\" data-e-type=\"container\">\n\t\t\t\t\t<div class=\"e-con-inner\">\n\t\t<div class=\"elementor-element elementor-element-c18f16e e-con-full e-flex e-con e-child\" data-id=\"c18f16e\" data-element_type=\"container\" data-e-type=\"container\">\n\t\t\t\t<div class=\"elementor-element elementor-element-06bab41 elementor-widget elementor-widget-image\" data-id=\"06bab41\" data-element_type=\"widget\" data-e-type=\"widget\" data-widget_type=\"image.default\">\n\t\t\t\t\t\t\t\t\t\t\t\t\t\t\t<img fetchpriority=\"high\" decoding=\"async\" width=\"369\" height=\"496\" src=\"https:\/\/profei.com\/wp-content\/uploads\/juli_simon_profei.jpg\" class=\"attachment-medium_large size-medium_large wp-image-528\" alt=\"Juli Sim\u00f3n\" srcset=\"https:\/\/profei.com\/wp-content\/uploads\/juli_simon_profei.jpg 369w, https:\/\/profei.com\/wp-content\/uploads\/juli_simon_profei-223x300.jpg 223w\" sizes=\"(max-width: 369px) 100vw, 369px\" \/>\t\t\t\t\t\t\t\t\t\t\t\t\t\t\t<\/div>\n\t\t\t\t<div class=\"elementor-element elementor-element-f702caa elementor-widget elementor-widget-heading\" data-id=\"f702caa\" data-element_type=\"widget\" data-e-type=\"widget\" data-widget_type=\"heading.default\">\n\t\t\t\t\t<h4 class=\"elementor-heading-title elementor-size-default\">Juli Sim\u00f3n<\/h4>\t\t\t\t<\/div>\n\t\t\t\t<div class=\"elementor-element elementor-element-3e71c35 elementor-widget elementor-widget-text-editor\" data-id=\"3e71c35\" data-element_type=\"widget\" data-e-type=\"widget\" data-widget_type=\"text-editor.default\">\n\t\t\t\t\t\t\t\t\tDirector\u00a0\t\t\t\t\t\t\t\t<\/div>\n\t\t\t\t<\/div>\n\t\t<div class=\"elementor-element elementor-element-cd24684 e-con-full e-flex e-con e-child\" data-id=\"cd24684\" data-element_type=\"container\" data-e-type=\"container\">\n\t\t\t\t<div class=\"elementor-element elementor-element-94dff38 elementor-widget elementor-widget-image\" data-id=\"94dff38\" data-element_type=\"widget\" data-e-type=\"widget\" data-widget_type=\"image.default\">\n\t\t\t\t\t\t\t\t\t\t\t\t\t\t\t<img decoding=\"async\" width=\"369\" height=\"496\" src=\"https:\/\/profei.com\/wp-content\/uploads\/ferran_simoon_profei.jpg\" class=\"attachment-medium_large size-medium_large wp-image-522\" alt=\"Ferran Sim\u00f3n\" srcset=\"https:\/\/profei.com\/wp-content\/uploads\/ferran_simoon_profei.jpg 369w, https:\/\/profei.com\/wp-content\/uploads\/ferran_simoon_profei-223x300.jpg 223w\" sizes=\"(max-width: 369px) 100vw, 369px\" \/>\t\t\t\t\t\t\t\t\t\t\t\t\t\t\t<\/div>\n\t\t\t\t<div class=\"elementor-element elementor-element-f3a78d5 elementor-widget elementor-widget-heading\" data-id=\"f3a78d5\" data-element_type=\"widget\" data-e-type=\"widget\" data-widget_type=\"heading.default\">\n\t\t\t\t\t<h4 class=\"elementor-heading-title elementor-size-default\">Ferr\u00e1n Sim\u00f3n<\/h4>\t\t\t\t<\/div>\n\t\t\t\t<div class=\"elementor-element elementor-element-2405a68 elementor-widget elementor-widget-text-editor\" data-id=\"2405a68\" data-element_type=\"widget\" data-e-type=\"widget\" data-widget_type=\"text-editor.default\">\n\t\t\t\t\t\t\t\t\tDeputy &#038; Commercial Director\t\t\t\t\t\t\t\t<\/div>\n\t\t\t\t<\/div>\n\t\t<div class=\"elementor-element elementor-element-2d3c6ab e-con-full e-flex e-con e-child\" data-id=\"2d3c6ab\" data-element_type=\"container\" data-e-type=\"container\">\n\t\t\t\t<div class=\"elementor-element elementor-element-5461784 elementor-widget elementor-widget-image\" data-id=\"5461784\" data-element_type=\"widget\" data-e-type=\"widget\" data-widget_type=\"image.default\">\n\t\t\t\t\t\t\t\t\t\t\t\t\t\t\t<img decoding=\"async\" width=\"600\" height=\"807\" src=\"https:\/\/profei.com\/wp-content\/uploads\/claudia_simon_profei.jpg\" class=\"attachment-medium_large size-medium_large wp-image-520\" alt=\"Caludia Sim\u00f3n\" srcset=\"https:\/\/profei.com\/wp-content\/uploads\/claudia_simon_profei.jpg 600w, https:\/\/profei.com\/wp-content\/uploads\/claudia_simon_profei-223x300.jpg 223w\" sizes=\"(max-width: 600px) 100vw, 600px\" \/>\t\t\t\t\t\t\t\t\t\t\t\t\t\t\t<\/div>\n\t\t\t\t<div class=\"elementor-element elementor-element-dad8df4 elementor-widget elementor-widget-heading\" data-id=\"dad8df4\" data-element_type=\"widget\" data-e-type=\"widget\" data-widget_type=\"heading.default\">\n\t\t\t\t\t<h4 class=\"elementor-heading-title elementor-size-default\">Claudia Sim\u00f3n<\/h4>\t\t\t\t<\/div>\n\t\t\t\t<div class=\"elementor-element elementor-element-e41b20d elementor-widget elementor-widget-text-editor\" data-id=\"e41b20d\" data-element_type=\"widget\" data-e-type=\"widget\" data-widget_type=\"text-editor.default\">\n\t\t\t\t\t\t\t\t\tEvents Director &#038; Accounting Manager\t\t\t\t\t\t\t\t<\/div>\n\t\t\t\t<\/div>\n\t\t<div class=\"elementor-element elementor-element-b99a030 e-con-full e-flex e-con e-child\" data-id=\"b99a030\" data-element_type=\"container\" data-e-type=\"container\">\n\t\t\t\t<div class=\"elementor-element elementor-element-8067fcb elementor-widget elementor-widget-image\" data-id=\"8067fcb\" data-element_type=\"widget\" data-e-type=\"widget\" data-widget_type=\"image.default\">\n\t\t\t\t\t\t\t\t\t\t\t\t\t\t\t<img loading=\"lazy\" decoding=\"async\" width=\"367\" height=\"494\" src=\"https:\/\/profei.com\/wp-content\/uploads\/jordi_lalucat_profei.jpg\" class=\"attachment-medium_large size-medium_large wp-image-524\" alt=\"Jordi Lalucat\" srcset=\"https:\/\/profei.com\/wp-content\/uploads\/jordi_lalucat_profei.jpg 367w, https:\/\/profei.com\/wp-content\/uploads\/jordi_lalucat_profei-223x300.jpg 223w\" sizes=\"(max-width: 367px) 100vw, 367px\" \/>\t\t\t\t\t\t\t\t\t\t\t\t\t\t\t<\/div>\n\t\t\t\t<div class=\"elementor-element elementor-element-ce4b59e elementor-widget elementor-widget-heading\" data-id=\"ce4b59e\" data-element_type=\"widget\" data-e-type=\"widget\" data-widget_type=\"heading.default\">\n\t\t\t\t\t<h4 class=\"elementor-heading-title elementor-size-default\">Jordi Lalucat<\/h4>\t\t\t\t<\/div>\n\t\t\t\t<div class=\"elementor-element elementor-element-b2decdf elementor-widget elementor-widget-text-editor\" data-id=\"b2decdf\" data-element_type=\"widget\" data-e-type=\"widget\" data-widget_type=\"text-editor.default\">\n\t\t\t\t\t\t\t\t\tEvents Coordinator\t\t\t\t\t\t\t\t<\/div>\n\t\t\t\t<\/div>\n\t\t<div class=\"elementor-element elementor-element-76b4073 e-con-full e-flex e-con e-child\" data-id=\"76b4073\" data-element_type=\"container\" data-e-type=\"container\">\n\t\t\t\t<div class=\"elementor-element elementor-element-55d52dd elementor-widget elementor-widget-image\" data-id=\"55d52dd\" data-element_type=\"widget\" data-e-type=\"widget\" data-widget_type=\"image.default\">\n\t\t\t\t\t\t\t\t\t\t\t\t\t\t\t<img loading=\"lazy\" decoding=\"async\" width=\"367\" height=\"494\" src=\"https:\/\/profei.com\/wp-content\/uploads\/juli_simon_jr_profei.jpg\" class=\"attachment-medium_large size-medium_large wp-image-526\" alt=\"Juli Sim\u00f3n Millet\" srcset=\"https:\/\/profei.com\/wp-content\/uploads\/juli_simon_jr_profei.jpg 367w, https:\/\/profei.com\/wp-content\/uploads\/juli_simon_jr_profei-223x300.jpg 223w\" sizes=\"(max-width: 367px) 100vw, 367px\" \/>\t\t\t\t\t\t\t\t\t\t\t\t\t\t\t<\/div>\n\t\t\t\t<div class=\"elementor-element elementor-element-4ae1bed elementor-widget elementor-widget-heading\" data-id=\"4ae1bed\" data-element_type=\"widget\" data-e-type=\"widget\" data-widget_type=\"heading.default\">\n\t\t\t\t\t<h4 class=\"elementor-heading-title elementor-size-default\">Juli Sim\u00f3n Millet\n<\/h4>\t\t\t\t<\/div>\n\t\t\t\t<div class=\"elementor-element elementor-element-c42a25b elementor-widget elementor-widget-text-editor\" data-id=\"c42a25b\" data-element_type=\"widget\" data-e-type=\"widget\" data-widget_type=\"text-editor.default\">\n\t\t\t\t\t\t\t\t\t<p>Junior General Director<\/p>\t\t\t\t\t\t\t\t<\/div>\n\t\t\t\t<\/div>\n\t\t\t\t\t<\/div>\n\t\t\t\t<\/div>\n\t\t\t\t<\/div>\n\t\t","protected":false},"excerpt":{"rendered":"<p>Meetour team Profei is a family business characterized by its close relationship with both customers and suppliers. The PROFEI S.L. team consists of: Juli Sim\u00f3n Director\u00a0 Ferr\u00e1n Sim\u00f3n Deputy &#038; Commercial Director Claudia Sim\u00f3n Events Director &#038; Accounting Manager Jordi Lalucat Events Coordinator Juli Sim\u00f3n Millet Junior General Director<\/p>\n","protected":false},"author":2,"featured_media":514,"parent":0,"menu_order":0,"comment_status":"closed","ping_status":"closed","template":"elementor_theme","meta":{"footnotes":""},"class_list":["post-663","page","type-page","status-publish","has-post-thumbnail","hentry"],"yoast_head":"<!-- This site is optimized with the Yoast SEO plugin v27.4 - https:\/\/yoast.com\/product\/yoast-seo-wordpress\/ -->\n<title>The team - Profei - Promoci\u00f3n de Ferias Internacionales<\/title>\n<meta name=\"robots\" content=\"index, follow, max-snippet:-1, max-image-preview:large, max-video-preview:-1\" \/>\n<link rel=\"canonical\" href=\"https:\/\/profei.com\/en\/team\/\" \/>\n<meta property=\"og:locale\" content=\"en_US\" \/>\n<meta property=\"og:type\" content=\"article\" \/>\n<meta property=\"og:title\" content=\"The team - Profei - Promoci\u00f3n de Ferias Internacionales\" \/>\n<meta property=\"og:description\" content=\"Meetour team Profei is a family business characterized by its close relationship with both customers and suppliers. The PROFEI S.L. team consists of: Juli Sim\u00f3n Director\u00a0 Ferr\u00e1n Sim\u00f3n Deputy &#038; Commercial Director Claudia Sim\u00f3n Events Director &#038; Accounting Manager Jordi Lalucat Events Coordinator Juli Sim\u00f3n Millet Junior General Director\" \/>\n<meta property=\"og:url\" content=\"https:\/\/profei.com\/en\/team\/\" \/>\n<meta property=\"og:site_name\" content=\"Profei - Promoci\u00f3n de Ferias Internacionales\" \/>\n<meta property=\"article:modified_time\" content=\"2025-08-04T16:33:34+00:00\" \/>\n<meta property=\"og:image\" content=\"https:\/\/profei.com\/wp-content\/uploads\/bg_equipo_home.jpg\" \/>\n\t<meta property=\"og:image:width\" content=\"1952\" \/>\n\t<meta property=\"og:image:height\" content=\"694\" \/>\n\t<meta property=\"og:image:type\" content=\"image\/jpeg\" \/>\n<meta name=\"twitter:card\" content=\"summary_large_image\" \/>\n<script type=\"application\/ld+json\" class=\"yoast-schema-graph\">{\"@context\":\"https:\\\/\\\/schema.org\",\"@graph\":[{\"@type\":\"WebPage\",\"@id\":\"https:\\\/\\\/profei.com\\\/en\\\/team\\\/\",\"url\":\"https:\\\/\\\/profei.com\\\/en\\\/team\\\/\",\"name\":\"The team - Profei - Promoci\u00f3n de Ferias Internacionales\",\"isPartOf\":{\"@id\":\"https:\\\/\\\/profei.com\\\/#website\"},\"primaryImageOfPage\":{\"@id\":\"https:\\\/\\\/profei.com\\\/en\\\/team\\\/#primaryimage\"},\"image\":{\"@id\":\"https:\\\/\\\/profei.com\\\/en\\\/team\\\/#primaryimage\"},\"thumbnailUrl\":\"https:\\\/\\\/profei.com\\\/wp-content\\\/uploads\\\/bg_equipo_home.jpg\",\"datePublished\":\"2025-08-01T10:17:52+00:00\",\"dateModified\":\"2025-08-04T16:33:34+00:00\",\"breadcrumb\":{\"@id\":\"https:\\\/\\\/profei.com\\\/en\\\/team\\\/#breadcrumb\"},\"inLanguage\":\"en-US\",\"potentialAction\":[{\"@type\":\"ReadAction\",\"target\":[\"https:\\\/\\\/profei.com\\\/en\\\/team\\\/\"]}]},{\"@type\":\"ImageObject\",\"inLanguage\":\"en-US\",\"@id\":\"https:\\\/\\\/profei.com\\\/en\\\/team\\\/#primaryimage\",\"url\":\"https:\\\/\\\/profei.com\\\/wp-content\\\/uploads\\\/bg_equipo_home.jpg\",\"contentUrl\":\"https:\\\/\\\/profei.com\\\/wp-content\\\/uploads\\\/bg_equipo_home.jpg\",\"width\":1952,\"height\":694},{\"@type\":\"BreadcrumbList\",\"@id\":\"https:\\\/\\\/profei.com\\\/en\\\/team\\\/#breadcrumb\",\"itemListElement\":[{\"@type\":\"ListItem\",\"position\":1,\"name\":\"Portada\",\"item\":\"https:\\\/\\\/profei.com\\\/en\\\/\"},{\"@type\":\"ListItem\",\"position\":2,\"name\":\"The team\"}]},{\"@type\":\"WebSite\",\"@id\":\"https:\\\/\\\/profei.com\\\/#website\",\"url\":\"https:\\\/\\\/profei.com\\\/\",\"name\":\"Profei - Promoci\u00f3n de Ferias Internacionales\",\"description\":\"PROFEI S.L., Promoci\u00f3n de Ferias Internacionales, empresa que desde 1992 est\u00e1 especializada en la organizaci\u00f3n de ferias y congresos internacionales con sedes en Espa\u00f1a y Portugal\",\"publisher\":{\"@id\":\"https:\\\/\\\/profei.com\\\/#organization\"},\"potentialAction\":[{\"@type\":\"SearchAction\",\"target\":{\"@type\":\"EntryPoint\",\"urlTemplate\":\"https:\\\/\\\/profei.com\\\/?s={search_term_string}\"},\"query-input\":{\"@type\":\"PropertyValueSpecification\",\"valueRequired\":true,\"valueName\":\"search_term_string\"}}],\"inLanguage\":\"en-US\"},{\"@type\":\"Organization\",\"@id\":\"https:\\\/\\\/profei.com\\\/#organization\",\"name\":\"Profei - Promoci\u00f3n de Ferias Internacionales\",\"url\":\"https:\\\/\\\/profei.com\\\/\",\"logo\":{\"@type\":\"ImageObject\",\"inLanguage\":\"en-US\",\"@id\":\"https:\\\/\\\/profei.com\\\/#\\\/schema\\\/logo\\\/image\\\/\",\"url\":\"https:\\\/\\\/profei.com\\\/wp-content\\\/uploads\\\/logo_profei_.jpg\",\"contentUrl\":\"https:\\\/\\\/profei.com\\\/wp-content\\\/uploads\\\/logo_profei_.jpg\",\"width\":702,\"height\":324,\"caption\":\"Profei - Promoci\u00f3n de Ferias Internacionales\"},\"image\":{\"@id\":\"https:\\\/\\\/profei.com\\\/#\\\/schema\\\/logo\\\/image\\\/\"},\"sameAs\":[\"https:\\\/\\\/www.linkedin.com\\\/company\\\/profei-s-l\"]}]}<\/script>\n<!-- \/ Yoast SEO plugin. -->","yoast_head_json":{"title":"The team - Profei - Promoci\u00f3n de Ferias Internacionales","robots":{"index":"index","follow":"follow","max-snippet":"max-snippet:-1","max-image-preview":"max-image-preview:large","max-video-preview":"max-video-preview:-1"},"canonical":"https:\/\/profei.com\/en\/team\/","og_locale":"en_US","og_type":"article","og_title":"The team - Profei - Promoci\u00f3n de Ferias Internacionales","og_description":"Meetour team Profei is a family business characterized by its close relationship with both customers and suppliers. The PROFEI S.L. team consists of: Juli Sim\u00f3n Director\u00a0 Ferr\u00e1n Sim\u00f3n Deputy &#038; Commercial Director Claudia Sim\u00f3n Events Director &#038; Accounting Manager Jordi Lalucat Events Coordinator Juli Sim\u00f3n Millet Junior General Director","og_url":"https:\/\/profei.com\/en\/team\/","og_site_name":"Profei - Promoci\u00f3n de Ferias Internacionales","article_modified_time":"2025-08-04T16:33:34+00:00","og_image":[{"width":1952,"height":694,"url":"https:\/\/profei.com\/wp-content\/uploads\/bg_equipo_home.jpg","type":"image\/jpeg"}],"twitter_card":"summary_large_image","schema":{"@context":"https:\/\/schema.org","@graph":[{"@type":"WebPage","@id":"https:\/\/profei.com\/en\/team\/","url":"https:\/\/profei.com\/en\/team\/","name":"The team - Profei - Promoci\u00f3n de Ferias Internacionales","isPartOf":{"@id":"https:\/\/profei.com\/#website"},"primaryImageOfPage":{"@id":"https:\/\/profei.com\/en\/team\/#primaryimage"},"image":{"@id":"https:\/\/profei.com\/en\/team\/#primaryimage"},"thumbnailUrl":"https:\/\/profei.com\/wp-content\/uploads\/bg_equipo_home.jpg","datePublished":"2025-08-01T10:17:52+00:00","dateModified":"2025-08-04T16:33:34+00:00","breadcrumb":{"@id":"https:\/\/profei.com\/en\/team\/#breadcrumb"},"inLanguage":"en-US","potentialAction":[{"@type":"ReadAction","target":["https:\/\/profei.com\/en\/team\/"]}]},{"@type":"ImageObject","inLanguage":"en-US","@id":"https:\/\/profei.com\/en\/team\/#primaryimage","url":"https:\/\/profei.com\/wp-content\/uploads\/bg_equipo_home.jpg","contentUrl":"https:\/\/profei.com\/wp-content\/uploads\/bg_equipo_home.jpg","width":1952,"height":694},{"@type":"BreadcrumbList","@id":"https:\/\/profei.com\/en\/team\/#breadcrumb","itemListElement":[{"@type":"ListItem","position":1,"name":"Portada","item":"https:\/\/profei.com\/en\/"},{"@type":"ListItem","position":2,"name":"The team"}]},{"@type":"WebSite","@id":"https:\/\/profei.com\/#website","url":"https:\/\/profei.com\/","name":"Profei - Promoci\u00f3n de Ferias Internacionales","description":"PROFEI S.L., Promoci\u00f3n de Ferias Internacionales, empresa que desde 1992 est\u00e1 especializada en la organizaci\u00f3n de ferias y congresos internacionales con sedes en Espa\u00f1a y Portugal","publisher":{"@id":"https:\/\/profei.com\/#organization"},"potentialAction":[{"@type":"SearchAction","target":{"@type":"EntryPoint","urlTemplate":"https:\/\/profei.com\/?s={search_term_string}"},"query-input":{"@type":"PropertyValueSpecification","valueRequired":true,"valueName":"search_term_string"}}],"inLanguage":"en-US"},{"@type":"Organization","@id":"https:\/\/profei.com\/#organization","name":"Profei - Promoci\u00f3n de Ferias Internacionales","url":"https:\/\/profei.com\/","logo":{"@type":"ImageObject","inLanguage":"en-US","@id":"https:\/\/profei.com\/#\/schema\/logo\/image\/","url":"https:\/\/profei.com\/wp-content\/uploads\/logo_profei_.jpg","contentUrl":"https:\/\/profei.com\/wp-content\/uploads\/logo_profei_.jpg","width":702,"height":324,"caption":"Profei - Promoci\u00f3n de Ferias Internacionales"},"image":{"@id":"https:\/\/profei.com\/#\/schema\/logo\/image\/"},"sameAs":["https:\/\/www.linkedin.com\/company\/profei-s-l"]}]}},"_links":{"self":[{"href":"https:\/\/profei.com\/en\/wp-json\/wp\/v2\/pages\/663","targetHints":{"allow":["GET"]}}],"collection":[{"href":"https:\/\/profei.com\/en\/wp-json\/wp\/v2\/pages"}],"about":[{"href":"https:\/\/profei.com\/en\/wp-json\/wp\/v2\/types\/page"}],"author":[{"embeddable":true,"href":"https:\/\/profei.com\/en\/wp-json\/wp\/v2\/users\/2"}],"replies":[{"embeddable":true,"href":"https:\/\/profei.com\/en\/wp-json\/wp\/v2\/comments?post=663"}],"version-history":[{"count":0,"href":"https:\/\/profei.com\/en\/wp-json\/wp\/v2\/pages\/663\/revisions"}],"wp:featuredmedia":[{"embeddable":true,"href":"https:\/\/profei.com\/en\/wp-json\/wp\/v2\/media\/514"}],"wp:attachment":[{"href":"https:\/\/profei.com\/en\/wp-json\/wp\/v2\/media?parent=663"}],"curies":[{"name":"wp","href":"https:\/\/api.w.org\/{rel}","templated":true}]}}