{"id":727,"date":"2025-08-04T17:42:52","date_gmt":"2025-08-04T15:42:52","guid":{"rendered":"https:\/\/profei.com\/politica-de-cookies\/"},"modified":"2025-08-04T18:58:11","modified_gmt":"2025-08-04T16:58:11","slug":"politica-de-cookies","status":"publish","type":"page","link":"https:\/\/profei.com\/ca\/politica-de-cookies\/","title":{"rendered":"Pol\u00edtica de Cookies"},"content":{"rendered":"\t\t<div data-elementor-type=\"wp-page\" data-elementor-id=\"727\" class=\"elementor elementor-727 elementor-488\" data-elementor-post-type=\"page\">\n\t\t\t\t<div class=\"elementor-element elementor-element-1b56ab7 e-flex e-con-boxed e-con e-parent\" data-id=\"1b56ab7\" data-element_type=\"container\" data-e-type=\"container\">\n\t\t\t\t\t<div class=\"e-con-inner\">\n\t\t\t\t<div class=\"elementor-element elementor-element-72e236b elementor-widget elementor-widget-text-editor\" data-id=\"72e236b\" data-element_type=\"widget\" data-e-type=\"widget\" data-widget_type=\"text-editor.default\">\n\t\t\t\t\t\t\t\t\t<p>Una cookie \u00e9s un fitxer que es descarrega en l&#8217;ordenador\/tel\u00e8fon intel\u00b7ligent\/tauleta de l&#8217;usuari en accedir a determinades p\u00e0gines web per a emmagatzemar i recuperar informaci\u00f3 sobre la navegaci\u00f3 que s&#8217;efectua des d&#8217;aquest equip, per\u00f2 no ens proporcionen informaci\u00f3 ni sobre el seu nom, ni sobre qualsevol altra dada de car\u00e0cter personal seu, constant \u00fanicament a l&#8217;efecte de funcionament, seguretat i estad\u00edstica.<\/p><p>Les cookies que utilitzem no poden llegir dades del seu ordinador ni llegir dades d&#8217;altres cookies. Pot configurar el seu navegador perqu\u00e8 li avisi en pantalla que rebr\u00e0 una cookie. Si l&#8217;usuari decideix no acceptar cookies, aix\u00f2 no impedir\u00e0 que pugui accedir a la informaci\u00f3 de www.profei.com<\/p><p>Profei s.l. utilitza cookies pr\u00f2pies per a gestionar els diferents serveis que ofereix a l&#8217;usuari, i en funci\u00f3 de la seva finalitat podem distingir entre:<\/p><p><strong>Cookies de sessi\u00f3: <\/strong><br \/>S\u00f3n un tipus de cookies dissenyades per a recaptar i emmagatzemar dades quan l&#8217;usuari inicia sessi\u00f3 en l&#8217;\u00e0rea privada de www.profei.com. Aquesta cookie caduca en finalitzar la sessi\u00f3, esborrant-se del seu ordinador.<\/p><p><strong>Cookies persistents:<br \/><\/strong>S\u00f3n un tipus de cookies en el qual les dades segueixen emmagatzemats en el terminal i poden ser accedits i tractats durant un per\u00edode definit pel responsable de la cookie, i que pot anar d&#8217;uns minuts a diversos anys.<\/p><p><strong>Cookies t\u00e8cniques:<\/strong><br \/>S\u00f3n aquelles que permeten a l&#8217;usuari la navegaci\u00f3 a trav\u00e9s d&#8217;una p\u00e0gina web, plataforma o aplicaci\u00f3 i la utilitzaci\u00f3 de les diferents opcions o serveis que en ella existeixin com, per exemple, controlar el tr\u00e0nsit i la comunicaci\u00f3 de dades, identificar la sessi\u00f3, accedir a parts d&#8217;acc\u00e9s restringit, recordar els elements que integren una comanda, realitzar el proc\u00e9s de compra d&#8217;una comanda, realitzar la sol\u00b7licitud d&#8217;inscripci\u00f3 o participaci\u00f3 en un esdeveniment, utilitzar elements de seguretat durant la navegaci\u00f3, emmagatzemar continguts per a la difusi\u00f3 de v\u00eddeos o so o compartir continguts a trav\u00e9s de xarxes socials.<\/p><p><strong>Cookies de personalitzaci\u00f3:<\/strong><br \/>S\u00f3n aquelles que permeten a l&#8217;usuari accedir al servei amb algunes caracter\u00edstiques de car\u00e0cter general predefinides en funci\u00f3 d&#8217;una s\u00e8rie de criteris en el terminal de l&#8217;usuari com per exemple serien l&#8217;idioma, el tipus de navegador a trav\u00e9s del qual accedeix al servei, la configuraci\u00f3 regional des d&#8217;on accedeix al servei, etc.<\/p><p><strong>Cookies d&#8217;an\u00e0lisis: <\/strong><br \/>S\u00f3n aquelles que permeten al responsable d&#8217;aquestes, el seguiment i an\u00e0lisi del comportament dels usuaris dels llocs web als quals estan vinculades. La informaci\u00f3 recollida mitjan\u00e7ant aquesta mena de cookies s&#8217;utilitza en el mesurament de l&#8217;activitat dels llocs web, aplicaci\u00f3 o plataforma i per a l&#8217;elaboraci\u00f3 de perfils de navegaci\u00f3 dels usuaris d&#8217;aquests llocs, aplicacions i plataformes, amb la finalitat d&#8217;introduir millores en funci\u00f3 de l&#8217;an\u00e0lisi de les dades d&#8217;\u00fas que fan els usuaris del servei.<\/p><p>Segons el Grup de Treball de l&#8217;Article 29, en el seu Dictamen 4\/2012, ha interpretat que entre les cookies exceptuades del compliment de les obligacions establertes en l&#8217;article 22.2 de la LSSI, estan les utilitzades per a permetre \u00fanicament la comunicaci\u00f3 entre l&#8217;equip de l&#8217;usuari i la xarxa, i aquelles utilitzades estrictament per a prestar un servei expressament sol\u00b7licitat per l&#8217;usuari, estant aquelles que tenen per finalitat:<\/p><ul><li>Cookies de \u00abentrada de l&#8217;usuari\u00bb<\/li><li>Cookies d&#8217;autenticaci\u00f3 o identificaci\u00f3 d&#8217;usuari (\u00fanicament de sessi\u00f3)<\/li><li>Cookies de seguretat de l&#8217;usuari (Per exemple per a detectar intents erronis i reiterats de connexi\u00f3 a un lloc web)<\/li><li>Cookies de sessi\u00f3 de reproductor multim\u00e8dia<\/li><li>Cookies de sessi\u00f3 per a equilibrar la c\u00e0rrega<\/li><li>Cookies de personalitzaci\u00f3 de la interf\u00edcie d&#8217;usuari<\/li><li>Cookies de complement (connector) per a intercanviar continguts socials<\/li><\/ul><p>Les cookies de sessi\u00f3 i d&#8217;entrada d&#8217;usuari se solen utilitzar per a rastrejar les accions de l&#8217;usuari en emplenar els formularis en l\u00ednia en diverses p\u00e0gines, o com a cistella de la compra per a fer el seguiment dels articles que l&#8217;usuari ha seleccionat en pr\u00e9mer un bot\u00f3.<\/p><p>Si es desactiva l&#8217;acceptaci\u00f3 de les cookies estrictament necess\u00e0ries per a la prestaci\u00f3 de determinats serveis sol\u00b7licitats expressament per l&#8217;usuari, no podr\u00e0 consultar i\/o rebre correctament els continguts i serveis de www.profei.com.<\/p><p>A continuaci\u00f3 es relacionen les cookies utilitzades en www.profei.com:<\/p><table width=\"641\"><tbody><tr><td colspan=\"4\" width=\"641\">Cookies de tercers<\/td><\/tr><tr><td width=\"62\">Nom<\/td><td width=\"424\">Prop\u00f2sit<\/td><td width=\"83\">Durada<\/td><td width=\"72\">Gesti\u00f3<\/td><\/tr><tr><td width=\"62\">__ga<\/td><td width=\"424\">Emmagatzema un identificador de client \u00fanic i serveix per al control de les visites \u00faniques, dades d&#8217;usuaris, campanyes..<\/td><td width=\"83\">2 anys<\/td><td width=\"72\">Google Analytics<\/td><\/tr><tr><td width=\"62\">__gid<\/td><td width=\"424\">S&#8217;usa per a distingir als usuaris.<\/td><td width=\"83\">24 hores<\/td><td width=\"72\">Google Analytics<\/td><\/tr><tr><td width=\"62\">__gat<\/td><td width=\"424\">S&#8217;usa per a diferenciar entre els diferents objectes de seguiment creats en la sessi\u00f3<\/td><td width=\"83\">1 minut<\/td><td width=\"72\">Google Analytics<\/td><\/tr><\/tbody><\/table><p>Permeten realitzar el seguiment del lloc web mitjan\u00e7ant l&#8217;eina Google Analytics, que \u00e9s un servei proporcionat per Google per a obtenir informaci\u00f3 dels accessos dels usuaris als llocs web. Alguns de les dades guardades per a an\u00e0lisis posteriors s\u00f3n: nombre de vegades que un usuari visita la web, dates de la primera i \u00faltima visita de l&#8217;usuari, durada de les visites, des de quina p\u00e0gina va accedir l&#8217;usuari a la web, quin motor de cerca va utilitzar l&#8217;usuari per a arribar a la web o quin enlla\u00e7 va fer clic, des de quin lloc del m\u00f3n va accedir l&#8217;usuari, etc. La configuraci\u00f3 d&#8217;aquestes cookies est\u00e0 predeterminada pel servei ofert per Google, per la qual cosa li suggerim que consulti la p\u00e0gina de privacitat de Google Analytics,https:\/\/developers.google.com\/analytics\/devguides\/collection\/analyticsjs\/cookie-usage, per a obtenir m\u00e9s informaci\u00f3 de les cookies que utilitza i de com inhabilitar-les.<\/p><p>Algunes parts de la Web es poden connectar amb diverses xarxes socials com per exemple Facebook, Twitter, Google+, Linkedin, etc., per la qual cosa haur\u00e0 de consultar la pol\u00edtica de cookies que aquestes ofereixin en cada cas abans d&#8217;utilitzar els seus serveis.<\/p><p>Pot permetre, bloquejar o eliminar les cookies instal\u00b7lades en el seu equip mitjan\u00e7ant la configuraci\u00f3 de les opcions del seu navegador d&#8217;Internet. A continuaci\u00f3, li indiquem els links dels principals navegadors on expliquen com:<\/p><ul><li>Internet Explorer<\/li><\/ul><p><a href=\"http:\/\/windows.microsoft.com\/es-es\/internet-explorer\/delete-manage-cookies\" target=\"_blank\" rel=\"noopener noreferrer\">http:\/\/windows.microsoft.com\/es-es\/internet-explorer\/delete-manage-cookies<\/a><\/p><ul><li>Google Chrome<\/li><\/ul><p><a href=\"https:\/\/support.google.com\/chrome\/answer\/95647?hl=\u00e9s\" target=\"_blank\" rel=\"noopener noreferrer\">https:\/\/support.google.com\/chrome\/answer\/95647?hl=es<\/a><\/p><ul><li>Google Chrome per a Android<\/li><\/ul><p><a href=\"https:\/\/support.google.com\/chrome\/answer\/2392971?hl=es\" target=\"_blank\" rel=\"noopener noreferrer\">https:\/\/support.google.com\/chrome\/answer\/2392971?hl=es<\/a><\/p><ul><li>Mozilla Firefox<\/li><\/ul><p><a href=\"https:\/\/support.mozilla.org\/es\/kb\/habilitar-y-deshabilitar-cookies-sitios-web-rastrear-preferencias\" target=\"_blank\" rel=\"noopener noreferrer\">https:\/\/support.mozilla.org\/es\/kb\/habilitar-y-deshabilitar-cookies-sitios-web-rastrear-preferencias<\/a><\/p><ul><li>Safari<\/li><\/ul><p><a href=\"http:\/\/support.apple.com\/kb\/ph5042\" target=\"_blank\" rel=\"noopener noreferrer\">http:\/\/support.apple.com\/kb\/ph5042&gt;<\/a><\/p><ul><li>Safari per a IOS (iPhone \u2013 iPad)<\/li><\/ul><p><a href=\"http:\/\/support.apple.com\/kb\/ht1677?viewlocale=es_es&amp;locale=es_es\" target=\"_blank\" rel=\"noopener noreferrer\">http:\/\/support.apple.com\/kb\/ht1677?viewlocale=es_es&amp;locale=\u00e9s_\u00e9s<\/a><\/p><p>Aquests navegadors estan sotmesos a constants actualitzacions i modificacions, per la qual cosa no podem garantir que s&#8217;ajustin completament a la versi\u00f3 del seu navegador actual.<\/p><p>Tamb\u00e9 \u00e9s possible que utilitzi un altre navegador no contemplat en aquests enlla\u00e7os, per la qual cosa haur\u00e0 de consultar l&#8217;ajuda del seu navegador per a configurar l&#8217;\u00fas de cookies.<\/p><p>Si volgu\u00e9s retirar el seu consentiment en qualsevol moment relacionat amb la present Pol\u00edtica de Cookies, haur\u00e0 d&#8217;eliminar les cookies emmagatzemades a trav\u00e9s dels ajustos i configuracions del seu navegador d&#8217;Internet.<\/p><p>La present Pol\u00edtica de Cookies t\u00e9 per finalitat informar-lo de manera clara i precisa sobre les cookies que s&#8217;utilitzen en www.profei.com. En cas que vulgui m\u00e9s informaci\u00f3 sobre l&#8217;\u00fas de les cookies podr\u00e0 sol\u00b7licitar-lo per correu electr\u00f2nic a\u00a0info@profei.com<\/p><p>PROFEI, S.L.<br \/>Tots els drets reservats<\/p>\t\t\t\t\t\t\t\t<\/div>\n\t\t\t\t\t<\/div>\n\t\t\t\t<\/div>\n\t\t\t\t<\/div>\n\t\t","protected":false},"excerpt":{"rendered":"<p>Una cookie \u00e9s un fitxer que es descarrega en l&#8217;ordenador\/tel\u00e8fon intel\u00b7ligent\/tauleta de l&#8217;usuari en accedir a determinades p\u00e0gines web per a emmagatzemar i recuperar informaci\u00f3 sobre la navegaci\u00f3 que s&#8217;efectua des d&#8217;aquest equip, per\u00f2 no ens proporcionen informaci\u00f3 ni sobre el seu nom, ni sobre qualsevol altra dada de car\u00e0cter personal seu, constant \u00fanicament a [&hellip;]<\/p>\n","protected":false},"author":2,"featured_media":0,"parent":0,"menu_order":0,"comment_status":"closed","ping_status":"closed","template":"elementor_theme","meta":{"footnotes":""},"class_list":["post-727","page","type-page","status-publish","hentry"],"yoast_head":"<!-- This site is optimized with the Yoast SEO plugin v27.4 - https:\/\/yoast.com\/product\/yoast-seo-wordpress\/ -->\n<title>Pol\u00edtica de Cookies - Profei - Promoci\u00f3n de Ferias Internacionales<\/title>\n<meta name=\"robots\" content=\"index, follow, max-snippet:-1, max-image-preview:large, max-video-preview:-1\" \/>\n<link rel=\"canonical\" href=\"https:\/\/profei.com\/ca\/politica-de-cookies\/\" \/>\n<meta property=\"og:locale\" content=\"ca_ES\" \/>\n<meta property=\"og:type\" content=\"article\" \/>\n<meta property=\"og:title\" content=\"Pol\u00edtica de Cookies - Profei - Promoci\u00f3n de Ferias Internacionales\" \/>\n<meta property=\"og:description\" content=\"Una cookie \u00e9s un fitxer que es descarrega en l&#8217;ordenador\/tel\u00e8fon intel\u00b7ligent\/tauleta de l&#8217;usuari en accedir a determinades p\u00e0gines web per a emmagatzemar i recuperar informaci\u00f3 sobre la navegaci\u00f3 que s&#8217;efectua des d&#8217;aquest equip, per\u00f2 no ens proporcionen informaci\u00f3 ni sobre el seu nom, ni sobre qualsevol altra dada de car\u00e0cter personal seu, constant \u00fanicament a [&hellip;]\" \/>\n<meta property=\"og:url\" content=\"https:\/\/profei.com\/ca\/politica-de-cookies\/\" \/>\n<meta property=\"og:site_name\" content=\"Profei - Promoci\u00f3n de Ferias Internacionales\" \/>\n<meta property=\"article:modified_time\" content=\"2025-08-04T16:58:11+00:00\" \/>\n<meta property=\"og:image\" content=\"https:\/\/profei.com\/wp-content\/uploads\/galeria_profei2.jpg\" \/>\n\t<meta property=\"og:image:width\" content=\"1100\" \/>\n\t<meta property=\"og:image:height\" content=\"731\" \/>\n\t<meta property=\"og:image:type\" content=\"image\/jpeg\" \/>\n<meta name=\"twitter:card\" content=\"summary_large_image\" \/>\n<meta name=\"twitter:label1\" content=\"Temps estimat de lectura\" \/>\n\t<meta name=\"twitter:data1\" content=\"6 minuts\" \/>\n<script type=\"application\/ld+json\" class=\"yoast-schema-graph\">{\"@context\":\"https:\\\/\\\/schema.org\",\"@graph\":[{\"@type\":\"WebPage\",\"@id\":\"https:\\\/\\\/profei.com\\\/ca\\\/politica-de-cookies\\\/\",\"url\":\"https:\\\/\\\/profei.com\\\/ca\\\/politica-de-cookies\\\/\",\"name\":\"Pol\u00edtica de Cookies - Profei - Promoci\u00f3n de Ferias Internacionales\",\"isPartOf\":{\"@id\":\"https:\\\/\\\/profei.com\\\/#website\"},\"datePublished\":\"2025-08-04T15:42:52+00:00\",\"dateModified\":\"2025-08-04T16:58:11+00:00\",\"breadcrumb\":{\"@id\":\"https:\\\/\\\/profei.com\\\/ca\\\/politica-de-cookies\\\/#breadcrumb\"},\"inLanguage\":\"ca\",\"potentialAction\":[{\"@type\":\"ReadAction\",\"target\":[\"https:\\\/\\\/profei.com\\\/ca\\\/politica-de-cookies\\\/\"]}]},{\"@type\":\"BreadcrumbList\",\"@id\":\"https:\\\/\\\/profei.com\\\/ca\\\/politica-de-cookies\\\/#breadcrumb\",\"itemListElement\":[{\"@type\":\"ListItem\",\"position\":1,\"name\":\"Portada\",\"item\":\"https:\\\/\\\/profei.com\\\/ca\\\/\"},{\"@type\":\"ListItem\",\"position\":2,\"name\":\"Pol\u00edtica de Cookies\"}]},{\"@type\":\"WebSite\",\"@id\":\"https:\\\/\\\/profei.com\\\/#website\",\"url\":\"https:\\\/\\\/profei.com\\\/\",\"name\":\"Profei - Promoci\u00f3n de Ferias Internacionales\",\"description\":\"PROFEI S.L., Promoci\u00f3n de Ferias Internacionales, empresa que desde 1992 est\u00e1 especializada en la organizaci\u00f3n de ferias y congresos internacionales con sedes en Espa\u00f1a y Portugal\",\"publisher\":{\"@id\":\"https:\\\/\\\/profei.com\\\/#organization\"},\"potentialAction\":[{\"@type\":\"SearchAction\",\"target\":{\"@type\":\"EntryPoint\",\"urlTemplate\":\"https:\\\/\\\/profei.com\\\/?s={search_term_string}\"},\"query-input\":{\"@type\":\"PropertyValueSpecification\",\"valueRequired\":true,\"valueName\":\"search_term_string\"}}],\"inLanguage\":\"ca\"},{\"@type\":\"Organization\",\"@id\":\"https:\\\/\\\/profei.com\\\/#organization\",\"name\":\"Profei - Promoci\u00f3n de Ferias Internacionales\",\"url\":\"https:\\\/\\\/profei.com\\\/\",\"logo\":{\"@type\":\"ImageObject\",\"inLanguage\":\"ca\",\"@id\":\"https:\\\/\\\/profei.com\\\/#\\\/schema\\\/logo\\\/image\\\/\",\"url\":\"https:\\\/\\\/profei.com\\\/wp-content\\\/uploads\\\/logo_profei_.jpg\",\"contentUrl\":\"https:\\\/\\\/profei.com\\\/wp-content\\\/uploads\\\/logo_profei_.jpg\",\"width\":702,\"height\":324,\"caption\":\"Profei - Promoci\u00f3n de Ferias Internacionales\"},\"image\":{\"@id\":\"https:\\\/\\\/profei.com\\\/#\\\/schema\\\/logo\\\/image\\\/\"},\"sameAs\":[\"https:\\\/\\\/www.linkedin.com\\\/company\\\/profei-s-l\"]}]}<\/script>\n<!-- \/ Yoast SEO plugin. -->","yoast_head_json":{"title":"Pol\u00edtica de Cookies - Profei - Promoci\u00f3n de Ferias Internacionales","robots":{"index":"index","follow":"follow","max-snippet":"max-snippet:-1","max-image-preview":"max-image-preview:large","max-video-preview":"max-video-preview:-1"},"canonical":"https:\/\/profei.com\/ca\/politica-de-cookies\/","og_locale":"ca_ES","og_type":"article","og_title":"Pol\u00edtica de Cookies - Profei - Promoci\u00f3n de Ferias Internacionales","og_description":"Una cookie \u00e9s un fitxer que es descarrega en l&#8217;ordenador\/tel\u00e8fon intel\u00b7ligent\/tauleta de l&#8217;usuari en accedir a determinades p\u00e0gines web per a emmagatzemar i recuperar informaci\u00f3 sobre la navegaci\u00f3 que s&#8217;efectua des d&#8217;aquest equip, per\u00f2 no ens proporcionen informaci\u00f3 ni sobre el seu nom, ni sobre qualsevol altra dada de car\u00e0cter personal seu, constant \u00fanicament a [&hellip;]","og_url":"https:\/\/profei.com\/ca\/politica-de-cookies\/","og_site_name":"Profei - Promoci\u00f3n de Ferias Internacionales","article_modified_time":"2025-08-04T16:58:11+00:00","og_image":[{"width":1100,"height":731,"url":"https:\/\/profei.com\/wp-content\/uploads\/galeria_profei2.jpg","type":"image\/jpeg"}],"twitter_card":"summary_large_image","twitter_misc":{"Temps estimat de lectura":"6 minuts"},"schema":{"@context":"https:\/\/schema.org","@graph":[{"@type":"WebPage","@id":"https:\/\/profei.com\/ca\/politica-de-cookies\/","url":"https:\/\/profei.com\/ca\/politica-de-cookies\/","name":"Pol\u00edtica de Cookies - Profei - Promoci\u00f3n de Ferias Internacionales","isPartOf":{"@id":"https:\/\/profei.com\/#website"},"datePublished":"2025-08-04T15:42:52+00:00","dateModified":"2025-08-04T16:58:11+00:00","breadcrumb":{"@id":"https:\/\/profei.com\/ca\/politica-de-cookies\/#breadcrumb"},"inLanguage":"ca","potentialAction":[{"@type":"ReadAction","target":["https:\/\/profei.com\/ca\/politica-de-cookies\/"]}]},{"@type":"BreadcrumbList","@id":"https:\/\/profei.com\/ca\/politica-de-cookies\/#breadcrumb","itemListElement":[{"@type":"ListItem","position":1,"name":"Portada","item":"https:\/\/profei.com\/ca\/"},{"@type":"ListItem","position":2,"name":"Pol\u00edtica de Cookies"}]},{"@type":"WebSite","@id":"https:\/\/profei.com\/#website","url":"https:\/\/profei.com\/","name":"Profei - Promoci\u00f3n de Ferias Internacionales","description":"PROFEI S.L., Promoci\u00f3n de Ferias Internacionales, empresa que desde 1992 est\u00e1 especializada en la organizaci\u00f3n de ferias y congresos internacionales con sedes en Espa\u00f1a y Portugal","publisher":{"@id":"https:\/\/profei.com\/#organization"},"potentialAction":[{"@type":"SearchAction","target":{"@type":"EntryPoint","urlTemplate":"https:\/\/profei.com\/?s={search_term_string}"},"query-input":{"@type":"PropertyValueSpecification","valueRequired":true,"valueName":"search_term_string"}}],"inLanguage":"ca"},{"@type":"Organization","@id":"https:\/\/profei.com\/#organization","name":"Profei - Promoci\u00f3n de Ferias Internacionales","url":"https:\/\/profei.com\/","logo":{"@type":"ImageObject","inLanguage":"ca","@id":"https:\/\/profei.com\/#\/schema\/logo\/image\/","url":"https:\/\/profei.com\/wp-content\/uploads\/logo_profei_.jpg","contentUrl":"https:\/\/profei.com\/wp-content\/uploads\/logo_profei_.jpg","width":702,"height":324,"caption":"Profei - Promoci\u00f3n de Ferias Internacionales"},"image":{"@id":"https:\/\/profei.com\/#\/schema\/logo\/image\/"},"sameAs":["https:\/\/www.linkedin.com\/company\/profei-s-l"]}]}},"_links":{"self":[{"href":"https:\/\/profei.com\/ca\/wp-json\/wp\/v2\/pages\/727","targetHints":{"allow":["GET"]}}],"collection":[{"href":"https:\/\/profei.com\/ca\/wp-json\/wp\/v2\/pages"}],"about":[{"href":"https:\/\/profei.com\/ca\/wp-json\/wp\/v2\/types\/page"}],"author":[{"embeddable":true,"href":"https:\/\/profei.com\/ca\/wp-json\/wp\/v2\/users\/2"}],"replies":[{"embeddable":true,"href":"https:\/\/profei.com\/ca\/wp-json\/wp\/v2\/comments?post=727"}],"version-history":[{"count":0,"href":"https:\/\/profei.com\/ca\/wp-json\/wp\/v2\/pages\/727\/revisions"}],"wp:attachment":[{"href":"https:\/\/profei.com\/ca\/wp-json\/wp\/v2\/media?parent=727"}],"curies":[{"name":"wp","href":"https:\/\/api.w.org\/{rel}","templated":true}]}}