{"id":725,"date":"2025-08-04T17:47:13","date_gmt":"2025-08-04T15:47:13","guid":{"rendered":"https:\/\/profei.com\/aviso-legal\/"},"modified":"2025-08-04T18:57:29","modified_gmt":"2025-08-04T16:57:29","slug":"avis-legal","status":"publish","type":"page","link":"https:\/\/profei.com\/ca\/avis-legal\/","title":{"rendered":"Av\u00eds legal"},"content":{"rendered":"\t\t<div data-elementor-type=\"wp-page\" data-elementor-id=\"725\" class=\"elementor elementor-725 elementor-495\" data-elementor-post-type=\"page\">\n\t\t\t\t<div class=\"elementor-element elementor-element-357b96d e-flex e-con-boxed e-con e-parent\" data-id=\"357b96d\" data-element_type=\"container\" data-e-type=\"container\">\n\t\t\t\t\t<div class=\"e-con-inner\">\n\t\t\t\t<div class=\"elementor-element elementor-element-ee8ea9e elementor-widget elementor-widget-text-editor\" data-id=\"ee8ea9e\" data-element_type=\"widget\" data-e-type=\"widget\" data-widget_type=\"text-editor.default\">\n\t\t\t\t\t\t\t\t\t<h5><strong>DADES IDENTIFICATIVES<\/strong><\/h5>\nEn compliment amb el deure d&#8217;informaci\u00f3 recollit en l&#8217;article 10 de la Llei 34\/2002, d&#8217;11 de juliol, de Serveis de la Societat de la Informaci\u00f3 i del Comer\u00e7 Electr\u00f2nic, a continuaci\u00f3, es reflecteixen les seg\u00fcents dades:\n\nEl titular d&#8217;aquesta website \u00e9s PROFEI, S.L., amb domicili en Francisco Giner, 27, baixos, 08012 Barcelona (Espanya), amb NIF: B66229006, Inscrita en el Registre Mercantil Registre Mercantil de Barcelona, al Tom: 22.184 Foli: 22 Fulla: B-32669. Tel\u00e8fon: +34 932 386 868. Correu electr\u00f2nic de contacte: info@profei.com\n\nLa informaci\u00f3 continguda en www.profei.com (d&#8217;ara endavant Profei) constitueix un servei d&#8217;informaci\u00f3 dels diversos productes i serveis que ofereix.\n<h5><\/h5>\n<h5><strong>ACCEPTACI\u00d3 DE LES CONDICIONS D&#8217;\u00daS<\/strong><\/h5>\nL&#8217;acc\u00e9s a la Web www.profei.com exigeix l&#8217;acceptaci\u00f3 de les condicions d&#8217;\u00fas que a cada moment es trobin vigents en aquesta Web.\n\nEl fet d&#8217;accedir a aquest Lloc web i utilitzar els continguts en ella li atribueix la condici\u00f3 de \u00abUsuari\u00bb i implica que vost\u00e8 ha llegit i accepta, sense cap reserva, aquestes Condicions Generals. Li preguem que les llegeixi atentament. Si no accepta les presents Condicions Generals, li preguem que s&#8217;abstingui d&#8217;utilitzar el Lloc web.\n\nProfei es reserva el dret de canviar, modificar, afegir o eliminar part o parts de les presents Condicions Generals, en qualsevol moment i sense pr\u00e8via notificaci\u00f3. En conseq\u00fc\u00e8ncia, l&#8217;usuari haur\u00e0 de llegir i acceptar les presents Condicions Generals en cadascuna de les ocasions en qu\u00e8 accedeixi a aquest Lloc web i als seus continguts.\n<h5><\/h5>\n<h5><strong>PROPIETAT INTEL\u00b7LECTUAL<\/strong><\/h5>\nEl codi font, els dissenys gr\u00e0fics, les imatges, les fotografies, les animacions, el programari, els textos, aix\u00ed com la informaci\u00f3 i els continguts que es recullen en www.profei.com estan protegits per la legislaci\u00f3 espanyola sobre els drets de propietat intel\u00b7lectual i industrial a favor de Profei, i no es permet, la reproducci\u00f3 total o parcial d&#8217;aquesta Web, ni el seu tractament inform\u00e0tic, comunicaci\u00f3 p\u00fablica, distribuci\u00f3, difusi\u00f3, modificaci\u00f3, transformaci\u00f3 o descompilaci\u00f3n, sense el perm\u00eds previ i per escrit del seu titular, Profei de conformitat amb el que es disposa en els articles 8 i 32 par\u00e0graf segon de la Llei de Propietat Intel\u00b7lectual.\n\nL&#8217;usuari, exclusivament podr\u00e0 utilitzar el material que aparegui en aquesta Web per al seu \u00fas personal i privat, quedant prohibida la seva utilitzaci\u00f3 amb finalitats comercials o per a inc\u00f3rrer en activitats il\u00b7l\u00edcites. Tots els drets derivats de la propietat intel\u00b7lectual estan expressament reservats per Profei.\n\nProfei vetllar\u00e0 pel compliment de les anteriors condicions i per a la deguda utilitzaci\u00f3 dels continguts presentats en el seu portal, exercitant totes les accions civils i penals que li corresponguin en el cas d&#8217;infracci\u00f3 o incompliment d&#8217;aquests drets per part de l&#8217;usuari.\n\nQualsevol incid\u00e8ncia, suggeriment o reclamaci\u00f3 respecte a drets de propietat intel\u00b7lectual ha de remetre-la a trav\u00e9s del correu electr\u00f2nic info@profei.com\n<h5><\/h5>\n<h5><strong>PROTECCI\u00d3 DE DADES DE CAR\u00c0CTER PERSONAL<\/strong><\/h5>\nL&#8217;acc\u00e9s a la p\u00e0gina Web o el seu \u00fas no implica una recollida de dades personals de l&#8217;usuari per part de Profei. No obstant aix\u00f2, es comunica que, en el cas que Profei sol\u00b7liciti dades personals, s&#8217;informar\u00e0 degudament l&#8217;usuari conforme al que s&#8217;estableix en el Reglament General de Protecci\u00f3 de Dades i altra normativa que resulti d&#8217;aplicaci\u00f3 relativa a la protecci\u00f3 de dades.\n\nLes Dades Personals que recull Profei en els diferents tipus de formularis seran tractats amb la finalitat de donar resposta a la sol\u00b7licitud realitzada per l&#8217;interessat, aix\u00ed com per al manteniment de la relaci\u00f3 que si \u00e9s el cas s&#8217;estableixi i la gesti\u00f3, administraci\u00f3, informaci\u00f3, prestaci\u00f3 i millora dels serveis que decideixi contractar.\n\nPer a una informaci\u00f3 m\u00e9s detallada quant a la Protecci\u00f3 de Dades, haur\u00e0 d&#8217;accedir a la nostra \u201cPol\u00edtica de Privacitat\u201d (LINK A POLITICA DE PRIVACITAT)\n\nProfei ha pres les mesures d&#8217;\u00edndole t\u00e8cnica i organitzativa necess\u00e0ries per a garantir la seguretat de les dades i evitar la seva alteraci\u00f3, p\u00e8rdua, tractament o acc\u00e9s no autoritzat, tenint en compte l&#8217;estat de la tecnologia, la naturalesa de les dades emmagatzemades i els riscos al fet que es troben exposats, ja provinguin de l&#8217;acci\u00f3 humana o del medi f\u00edsic o natural.\n<h5><\/h5>\n<h5><strong>REGISTRE I CONTRASENYES D&#8217;ACC\u00c9S<\/strong><\/h5>\nProfei proporciona de manera confidencial a cadascun dels seus clients un nom d&#8217;usuari i una contrasenya d&#8217;acc\u00e9s, la qual \u00e9s \u00fanica, personal i intransferible, sent condici\u00f3 necess\u00e0ria per a accedir a determinats serveis inclosos en la Web.\n\nL&#8217;usuari es compromet a preservar la confidencialitat de la seva contrasenya, podent sol\u00b7licitar la seva modificaci\u00f3 en cas de p\u00e8rdua, coneixement per altres persones o qualsevol altra circumst\u00e0ncia que impedeixi o dificulti el normal funcionament del seu acc\u00e9s.\n\nProfei es reserva el dret a anul\u00b7lar discrecionalment l&#8217;acc\u00e9s d&#8217;algun usuari quan concorrin circumst\u00e0ncies de les quals es presumeixin utilitzacions il\u00b7l\u00edcites.\n\nL&#8217;usuari assumeix la plena responsabilitat i, per tant, totes les obligacions que es derivin de l&#8217;\u00fas dels diferents serveis i productes als quals s&#8217;accedeix amb clau d&#8217;acc\u00e9s o per la utilitzaci\u00f3 que d&#8217;ells realitzin terceres persones accedint amb la contrasenya de l&#8217;usuari.\n<h5><\/h5>\n<h5><strong>LIMITACI\u00d3 DE LA RESPONSABILITAT<\/strong><\/h5>\nProfei no es responsabilitza dels possibles danys o perjudicis que puguin succeir a conseq\u00fc\u00e8ncia de l&#8217;\u00fas dels continguts de la Web, sent d&#8217;exclusiva responsabilitat de l&#8217;usuari que accedeixi a aquests.\n\nEn el mateix sentit, Profei no es responsabilitza dels possibles perjudicis que es puguin derivar de l&#8217;\u00fas d&#8217;una versi\u00f3 no actualitzada o defectuosa del navegador, d&#8217;interrupcions en la connexi\u00f3 que es produeixin durant la transmissi\u00f3 de dades, virus inform\u00e0tics, avaries o desconnexions en el funcionament del sistema telem\u00e0tic, de bloquejos causats per defici\u00e8ncies o sobrec\u00e0rregues de les l\u00ednies telef\u00f2niques, aix\u00ed com de danys provocats per terceres persones mitjan\u00e7ant intromissions no autoritzades.\n\nLa Web de Profei cont\u00e9 enlla\u00e7os a altres p\u00e0gines Web que poden resultar d&#8217;inter\u00e8s per als usuaris. Profei no assumeix cap responsabilitat sobre aquests enlla\u00e7os, no podent-se garantir el compliment de Pol\u00edtiques de Privacitat adequades, motiu pel qual l&#8217;usuari accedeix al contingut de les referides p\u00e0gines Web en les condicions d&#8217;\u00fas que es fixin en les mateixes i sota la seva exclusiva responsabilitat.\n\nProfei no es fa responsable de l&#8217;incompliment de qualsevol norma aplicable en qu\u00e8 pugui inc\u00f3rrer l&#8217;usuari en el seu acc\u00e9s a la Web www.profei.com i\/o en l&#8217;\u00fas de les informacions contingudes en ella.\n\nProfei es reserva el dret a interrompre o denegar discrecionalment, en qualsevol moment i sense necessitat de previ av\u00eds, l&#8217;acc\u00e9s de qualsevol usuari als continguts d&#8217;acc\u00e9s restringit, quan concorrin alguna dels circumst\u00e0ncies descrites.\n<h5><\/h5>\n<h5><strong>ENLLA\u00c7OS<\/strong><\/h5>\nTots els enlla\u00e7os o links, hipertextual, framing o qualsevol altre tipus de connexi\u00f3 virtual a trav\u00e9s de xarxes de telecomunicaci\u00f3 des de qualsevol lloc web a la nostra p\u00e0gina Web, haur\u00e0 de ser sol\u00b7licitat i autoritzat pr\u00e8viament i per escrit per Profei, i en defecte d&#8217;aix\u00f2 els enlla\u00e7os que s&#8217;estableixin a aquesta Web, hauran de fer-se a la seva p\u00e0gina d&#8217;inici.\n\nEls enlla\u00e7os que es realitzin a p\u00e0gines Web de tercers tenen \u00fanicament una finalitat orientativa, sent el seu objecte el posar a la disposici\u00f3 de l&#8217;usuari altres fonts d&#8217;informaci\u00f3 que poguessin ser del seu inter\u00e8s.\n\nProfei procura revisar peri\u00f2dicament el contingut dels seus enlla\u00e7os. No obstant aix\u00f2, \u00e9s impossible con\u00e8ixer en tot moment el contingut concret dels enlla\u00e7os proposats. Derivat d&#8217;aix\u00f2, sol\u00b7licitem la col\u00b7laboraci\u00f3 de qualsevol usuari que accedeixi als referits continguts en el sup\u00f2sit que els seus continguts poguessin ser contraris a la legalitat vigent, moral o ordre p\u00fablic, posant-ho en coneixement a trav\u00e9s del nostre correu electr\u00f2nic de contacte: info@profei.com.\n<h5><\/h5>\n<h5><strong>RESPONSABILITAT<\/strong><\/h5>\nEn definitiva, l&#8217;usuari \u00e9s l&#8217;\u00fanic responsable de l&#8217;\u00fas que realitzi dels serveis, continguts, enlla\u00e7os (links) i hipertexts inclosos en la Web www.profei.com.\n<h5><\/h5>\n<h5><strong>RESERVA<\/strong><\/h5>\nProfei es reserva la facultat en tot moment, sense necessitat de previ av\u00eds, d&#8217;efectuar modificacions i actualitzacions de la informaci\u00f3 continguda en el seu Web o en la seva configuraci\u00f3 i presentaci\u00f3. Aix\u00ed mateix, es reserva el dret a suspendre temporalment, i sense que sigui necessari previ av\u00eds, l&#8217;accessibilitat a la Web per raons d&#8217;eventual necessitat i per a efectuar operacions de manteniment, reparaci\u00f3 o millora.\n\nProfei es reserva el dret a incloure o retirar totalment o parcialment de la Web, qualsevol informaci\u00f3 a la seva exclusiva discreci\u00f3.\n<h5><\/h5>\n<h5><strong>LLEI APLICABLE I JURISDICCI\u00d3<\/strong><\/h5>\nPer a totes aquelles q\u00fcestions que es puguin suscitar amb motiu d&#8217;interpretaci\u00f3, execuci\u00f3 o eventual incompliment de les presents condicions d&#8217;utilitzaci\u00f3, els usuaris, amb ren\u00fancia al seu propi fur, i amb independ\u00e8ncia del lloc on se susciti qualsevol disputa, se sotmetran expressament a la compet\u00e8ncia i jurisdicci\u00f3 dels jutjats i tribunals de Barcelona (Espanya).\n\nLes presents condicions es regiran, en tot cas, per la legislaci\u00f3 espanyola.\n\nPROFEI, S.L.\n\nTots els drets reservats\t\t\t\t\t\t\t\t<\/div>\n\t\t\t\t\t<\/div>\n\t\t\t\t<\/div>\n\t\t\t\t<\/div>\n\t\t","protected":false},"excerpt":{"rendered":"<p>DADES IDENTIFICATIVES En compliment amb el deure d&#8217;informaci\u00f3 recollit en l&#8217;article 10 de la Llei 34\/2002, d&#8217;11 de juliol, de Serveis de la Societat de la Informaci\u00f3 i del Comer\u00e7 Electr\u00f2nic, a continuaci\u00f3, es reflecteixen les seg\u00fcents dades: El titular d&#8217;aquesta website \u00e9s PROFEI, S.L., amb domicili en Francisco Giner, 27, baixos, 08012 Barcelona (Espanya), [&hellip;]<\/p>\n","protected":false},"author":2,"featured_media":0,"parent":0,"menu_order":0,"comment_status":"closed","ping_status":"closed","template":"elementor_theme","meta":{"footnotes":""},"class_list":["post-725","page","type-page","status-publish","hentry"],"yoast_head":"<!-- This site is optimized with the Yoast SEO plugin v27.4 - https:\/\/yoast.com\/product\/yoast-seo-wordpress\/ -->\n<title>Av\u00eds legal - Profei - Promoci\u00f3n de Ferias Internacionales<\/title>\n<meta name=\"robots\" content=\"noindex, nofollow\" \/>\n<meta property=\"og:locale\" content=\"ca_ES\" \/>\n<meta property=\"og:type\" content=\"article\" \/>\n<meta property=\"og:title\" content=\"Av\u00eds legal - Profei - Promoci\u00f3n de Ferias Internacionales\" \/>\n<meta property=\"og:description\" content=\"DADES IDENTIFICATIVES En compliment amb el deure d&#8217;informaci\u00f3 recollit en l&#8217;article 10 de la Llei 34\/2002, d&#8217;11 de juliol, de Serveis de la Societat de la Informaci\u00f3 i del Comer\u00e7 Electr\u00f2nic, a continuaci\u00f3, es reflecteixen les seg\u00fcents dades: El titular d&#8217;aquesta website \u00e9s PROFEI, S.L., amb domicili en Francisco Giner, 27, baixos, 08012 Barcelona (Espanya), [&hellip;]\" \/>\n<meta property=\"og:url\" content=\"https:\/\/profei.com\/ca\/avis-legal\/\" \/>\n<meta property=\"og:site_name\" content=\"Profei - Promoci\u00f3n de Ferias Internacionales\" \/>\n<meta property=\"article:modified_time\" content=\"2025-08-04T16:57:29+00:00\" \/>\n<meta property=\"og:image\" content=\"https:\/\/profei.com\/wp-content\/uploads\/galeria_profei2.jpg\" \/>\n\t<meta property=\"og:image:width\" content=\"1100\" \/>\n\t<meta property=\"og:image:height\" content=\"731\" \/>\n\t<meta property=\"og:image:type\" content=\"image\/jpeg\" \/>\n<meta name=\"twitter:card\" content=\"summary_large_image\" \/>\n<meta name=\"twitter:label1\" content=\"Temps estimat de lectura\" \/>\n\t<meta name=\"twitter:data1\" content=\"8 minuts\" \/>\n<script type=\"application\/ld+json\" class=\"yoast-schema-graph\">{\"@context\":\"https:\\\/\\\/schema.org\",\"@graph\":[{\"@type\":\"WebPage\",\"@id\":\"https:\\\/\\\/profei.com\\\/ca\\\/avis-legal\\\/\",\"url\":\"https:\\\/\\\/profei.com\\\/ca\\\/avis-legal\\\/\",\"name\":\"Av\u00eds legal - Profei - Promoci\u00f3n de Ferias Internacionales\",\"isPartOf\":{\"@id\":\"https:\\\/\\\/profei.com\\\/#website\"},\"datePublished\":\"2025-08-04T15:47:13+00:00\",\"dateModified\":\"2025-08-04T16:57:29+00:00\",\"breadcrumb\":{\"@id\":\"https:\\\/\\\/profei.com\\\/ca\\\/avis-legal\\\/#breadcrumb\"},\"inLanguage\":\"ca\",\"potentialAction\":[{\"@type\":\"ReadAction\",\"target\":[\"https:\\\/\\\/profei.com\\\/ca\\\/avis-legal\\\/\"]}]},{\"@type\":\"BreadcrumbList\",\"@id\":\"https:\\\/\\\/profei.com\\\/ca\\\/avis-legal\\\/#breadcrumb\",\"itemListElement\":[{\"@type\":\"ListItem\",\"position\":1,\"name\":\"Portada\",\"item\":\"https:\\\/\\\/profei.com\\\/ca\\\/\"},{\"@type\":\"ListItem\",\"position\":2,\"name\":\"Av\u00eds legal\"}]},{\"@type\":\"WebSite\",\"@id\":\"https:\\\/\\\/profei.com\\\/#website\",\"url\":\"https:\\\/\\\/profei.com\\\/\",\"name\":\"Profei - Promoci\u00f3n de Ferias Internacionales\",\"description\":\"PROFEI S.L., Promoci\u00f3n de Ferias Internacionales, empresa que desde 1992 est\u00e1 especializada en la organizaci\u00f3n de ferias y congresos internacionales con sedes en Espa\u00f1a y Portugal\",\"publisher\":{\"@id\":\"https:\\\/\\\/profei.com\\\/#organization\"},\"potentialAction\":[{\"@type\":\"SearchAction\",\"target\":{\"@type\":\"EntryPoint\",\"urlTemplate\":\"https:\\\/\\\/profei.com\\\/?s={search_term_string}\"},\"query-input\":{\"@type\":\"PropertyValueSpecification\",\"valueRequired\":true,\"valueName\":\"search_term_string\"}}],\"inLanguage\":\"ca\"},{\"@type\":\"Organization\",\"@id\":\"https:\\\/\\\/profei.com\\\/#organization\",\"name\":\"Profei - Promoci\u00f3n de Ferias Internacionales\",\"url\":\"https:\\\/\\\/profei.com\\\/\",\"logo\":{\"@type\":\"ImageObject\",\"inLanguage\":\"ca\",\"@id\":\"https:\\\/\\\/profei.com\\\/#\\\/schema\\\/logo\\\/image\\\/\",\"url\":\"https:\\\/\\\/profei.com\\\/wp-content\\\/uploads\\\/logo_profei_.jpg\",\"contentUrl\":\"https:\\\/\\\/profei.com\\\/wp-content\\\/uploads\\\/logo_profei_.jpg\",\"width\":702,\"height\":324,\"caption\":\"Profei - Promoci\u00f3n de Ferias Internacionales\"},\"image\":{\"@id\":\"https:\\\/\\\/profei.com\\\/#\\\/schema\\\/logo\\\/image\\\/\"},\"sameAs\":[\"https:\\\/\\\/www.linkedin.com\\\/company\\\/profei-s-l\"]}]}<\/script>\n<!-- \/ Yoast SEO plugin. -->","yoast_head_json":{"title":"Av\u00eds legal - Profei - Promoci\u00f3n de Ferias Internacionales","robots":{"index":"noindex","follow":"nofollow"},"og_locale":"ca_ES","og_type":"article","og_title":"Av\u00eds legal - Profei - Promoci\u00f3n de Ferias Internacionales","og_description":"DADES IDENTIFICATIVES En compliment amb el deure d&#8217;informaci\u00f3 recollit en l&#8217;article 10 de la Llei 34\/2002, d&#8217;11 de juliol, de Serveis de la Societat de la Informaci\u00f3 i del Comer\u00e7 Electr\u00f2nic, a continuaci\u00f3, es reflecteixen les seg\u00fcents dades: El titular d&#8217;aquesta website \u00e9s PROFEI, S.L., amb domicili en Francisco Giner, 27, baixos, 08012 Barcelona (Espanya), [&hellip;]","og_url":"https:\/\/profei.com\/ca\/avis-legal\/","og_site_name":"Profei - Promoci\u00f3n de Ferias Internacionales","article_modified_time":"2025-08-04T16:57:29+00:00","og_image":[{"width":1100,"height":731,"url":"https:\/\/profei.com\/wp-content\/uploads\/galeria_profei2.jpg","type":"image\/jpeg"}],"twitter_card":"summary_large_image","twitter_misc":{"Temps estimat de lectura":"8 minuts"},"schema":{"@context":"https:\/\/schema.org","@graph":[{"@type":"WebPage","@id":"https:\/\/profei.com\/ca\/avis-legal\/","url":"https:\/\/profei.com\/ca\/avis-legal\/","name":"Av\u00eds legal - Profei - Promoci\u00f3n de Ferias Internacionales","isPartOf":{"@id":"https:\/\/profei.com\/#website"},"datePublished":"2025-08-04T15:47:13+00:00","dateModified":"2025-08-04T16:57:29+00:00","breadcrumb":{"@id":"https:\/\/profei.com\/ca\/avis-legal\/#breadcrumb"},"inLanguage":"ca","potentialAction":[{"@type":"ReadAction","target":["https:\/\/profei.com\/ca\/avis-legal\/"]}]},{"@type":"BreadcrumbList","@id":"https:\/\/profei.com\/ca\/avis-legal\/#breadcrumb","itemListElement":[{"@type":"ListItem","position":1,"name":"Portada","item":"https:\/\/profei.com\/ca\/"},{"@type":"ListItem","position":2,"name":"Av\u00eds legal"}]},{"@type":"WebSite","@id":"https:\/\/profei.com\/#website","url":"https:\/\/profei.com\/","name":"Profei - Promoci\u00f3n de Ferias Internacionales","description":"PROFEI S.L., Promoci\u00f3n de Ferias Internacionales, empresa que desde 1992 est\u00e1 especializada en la organizaci\u00f3n de ferias y congresos internacionales con sedes en Espa\u00f1a y Portugal","publisher":{"@id":"https:\/\/profei.com\/#organization"},"potentialAction":[{"@type":"SearchAction","target":{"@type":"EntryPoint","urlTemplate":"https:\/\/profei.com\/?s={search_term_string}"},"query-input":{"@type":"PropertyValueSpecification","valueRequired":true,"valueName":"search_term_string"}}],"inLanguage":"ca"},{"@type":"Organization","@id":"https:\/\/profei.com\/#organization","name":"Profei - Promoci\u00f3n de Ferias Internacionales","url":"https:\/\/profei.com\/","logo":{"@type":"ImageObject","inLanguage":"ca","@id":"https:\/\/profei.com\/#\/schema\/logo\/image\/","url":"https:\/\/profei.com\/wp-content\/uploads\/logo_profei_.jpg","contentUrl":"https:\/\/profei.com\/wp-content\/uploads\/logo_profei_.jpg","width":702,"height":324,"caption":"Profei - Promoci\u00f3n de Ferias Internacionales"},"image":{"@id":"https:\/\/profei.com\/#\/schema\/logo\/image\/"},"sameAs":["https:\/\/www.linkedin.com\/company\/profei-s-l"]}]}},"_links":{"self":[{"href":"https:\/\/profei.com\/ca\/wp-json\/wp\/v2\/pages\/725","targetHints":{"allow":["GET"]}}],"collection":[{"href":"https:\/\/profei.com\/ca\/wp-json\/wp\/v2\/pages"}],"about":[{"href":"https:\/\/profei.com\/ca\/wp-json\/wp\/v2\/types\/page"}],"author":[{"embeddable":true,"href":"https:\/\/profei.com\/ca\/wp-json\/wp\/v2\/users\/2"}],"replies":[{"embeddable":true,"href":"https:\/\/profei.com\/ca\/wp-json\/wp\/v2\/comments?post=725"}],"version-history":[{"count":0,"href":"https:\/\/profei.com\/ca\/wp-json\/wp\/v2\/pages\/725\/revisions"}],"wp:attachment":[{"href":"https:\/\/profei.com\/ca\/wp-json\/wp\/v2\/media?parent=725"}],"curies":[{"name":"wp","href":"https:\/\/api.w.org\/{rel}","templated":true}]}}